{"id":511,"date":"2022-08-10T15:45:12","date_gmt":"2022-08-10T13:45:12","guid":{"rendered":"http:\/\/45.152.250.15\/~brightstaffing\/cookie-policy\/"},"modified":"2022-08-10T17:18:44","modified_gmt":"2022-08-10T15:18:44","slug":"cookie-policy","status":"publish","type":"page","link":"https:\/\/staging.brightstaffing.be\/fr\/cookie-policy\/","title":{"rendered":"Cookie policy"},"content":{"rendered":"\n<div style=\"height:100px\" aria-hidden=\"true\" class=\"wp-block-spacer\"><\/div>\n\n\n\n<div class=\"gc-container\" >\n\t\t\t\n\n<h1 class=\"has-text-align-center wp-block-heading\">Cookie policy<\/h1>\n\n\n\n<h2 class=\"wp-block-heading\">General<\/h2>\n\n\n\n<p>Cette politique de gestion des cookies g\u00e8re l\u2019utilisation de cookies et technologies similaires en tant qu\u2019\u00e9l\u00e9ment de votre  usage de notre site web (le \u00ab <strong>site web<\/strong> \u00bb) et les services associ\u00e9s .Ce traitement est effectu\u00e9 par Partena Profesional en tant que responsable du traitement, dont le si\u00e8ge social est sis \u00e0 Rue des chartreux 45, 1000 Bruxelles conform\u00e9ment \u00e0 la l\u00e9gislation en vigueur en mati\u00e8re de protection des donn\u00e9es personnelles.<br><br>Les cookies sont des petits fichiers texte qui sont enregistr\u00e9s sur le disque dur de votre appareil et qui contiennent certaines informations, parmi lesquelles des donn\u00e9es personnelles. Lorsque vous utilisez notre site web et\/ou services, nous collectons et traitons \u00e9galement d\u2019autres informations personnelles que via des cookies et technologies similaires. Pour en savoir plus, lisez notre politique de confidentialit\u00e9.<br><br><strong>En continuant \u00e0 utiliser notre site web et\/ou services en cliquant sur \u00ab continuer \u00bb apr\u00e8s avoir \u00e9t\u00e9 inform\u00e9 de l\u2019usage des cookies et technologies similaires, vous reconnaissez avoir lu attentivement cette politique de gestion des cookies et \u00eates d\u2019accord sans r\u00e9serve. Comme d\u00e9crit dans cette politique de gestion des cookies, vous pouvez \u00e0 tout moment modifier vos pr\u00e9f\u00e9rences en mati\u00e8re de cookies.<\/strong><br><br>Nous nous r\u00e9servons le droit de modifier, compl\u00e9ter ou remplacer cette politique de gestion des cookies de temps en temps. De telles modifications, ajouts ou remplacements vous seront communiqu\u00e9s via notre site web et\/ou services. Si vous n\u2019\u00eates pas d\u2019accord avec ces modifications, ajouts ou remplacements, nous vous demandons d\u2019envoyer un e-mail \u00e0 <a href=\"mailto:privacy@partena.be\">privacy@partena.be<\/a>. Si nous ne recevons aucune communication de votre part dans les trois (3) jours ouvrables apr\u00e8s communication des modifications, ajouts ou remplacements via notre site web ou services, vous \u00eates suppos\u00e9 avoir accept\u00e9 ces modifications, ajouts ou remplacements.<\/p>\n\n\n\n<h2 class=\"wp-block-heading\">Quels cookies et pourquoi<\/h2>\n\n\n\n<p>Lorsque vous visitez et\/ou utilisez notre site web, nous pla\u00e7ons des cookies ou utilisons des technologies similaires pour collecter et traiter les donn\u00e9es personnelles. De tels cookies et technologies similaires contiennent entre autres les \u00e9l\u00e9ments suivants:<\/p>\n\n\n\n<figure class=\"wp-block-table\"><table><tbody><tr><td><strong>Nom<\/strong><\/td><td><strong>Type<\/strong><\/td><td><strong>Objectif<\/strong><\/td><td><strong>P\u00e9riode de conservation<\/strong><\/td><\/tr><tr><td>_dc_gtm_UA-#<\/td><td>Analytics<\/td><td>Google Tag Manager \u2013 Utilis\u00e9<br>pour charger Google Analytics<\/td><td>1 jour<\/td><\/tr><tr><td>_ga<\/td><td>Analytics<\/td><td>Google Analytics \u2013 Enregistre un<br>ID unique qui est utilis\u00e9 pour<br>g\u00e9n\u00e9rer des donn\u00e9es statistiques<br>sur la fa\u00e7on dont le visiteur utilise<br>le site Web<\/td><td>2 ans<\/td><\/tr><tr><td>_gat<\/td><td>Analytics<\/td><td>Google Analytics \u2013 Utilis\u00e9 par<br>Google Analytics pour limiter le<br>nombre de demandes<\/td><td>1 jour<\/td><\/tr><tr><td>_gid<\/td><td>Analytics<\/td><td>Google Tag Manager \u2013 Enregistre<br>un identifiant unique utilis\u00e9 pour<br>g\u00e9n\u00e9rer des donn\u00e9es statistiques<br>sur la fa\u00e7on dont le visiteur utilise<br>le site Web<\/td><td>1 jour<\/td><\/tr><tr><td>_fbp<\/td><td>Marketing<\/td><td>Facebook \u2013 Utilis\u00e9 par Facebook<br>pour fournir une s\u00e9rie de produits<br>publicitaires, tels que des offres<br>en temps r\u00e9el d\u2019annonceurs<br>externes<\/td><td>1 jour<\/td><\/tr><tr><td>lang<\/td><td>Marketing<\/td><td>Linkedin \u2013 Utilis\u00e9 par Linkedin<br>pour garder une trace de la<br>session de langue s\u00e9lectionn\u00e9e<br>par l\u2019utilisateur<\/td><td>Session<\/td><\/tr><tr><td>bcookie<\/td><td>Marketing<\/td><td>Linkedin \u2013 Utilis\u00e9 par Linkedin<br>pour mesurer les int\u00e9grations<br>Linkedin pendant<\/td><td>2 ans<\/td><\/tr><tr><td>bscookie<\/td><td>Marketing<\/td><td>Linkedin \u2013 Utilis\u00e9 par Linkedin<br>pour mesurer les int\u00e9grations<br>Linkedin<\/td><td>2 ans<\/td><\/tr><tr><td>lidc<\/td><td>Marketing<\/td><td>Linkedin \u2013 Utilis\u00e9 par Linkedin<br>pour optimiser les impressions<br>d\u2019annonces<\/td><td>1 jour<\/td><\/tr><tr><td>UserMatchHistory<\/td><td>Marketing<\/td><td>Linkedin \u2013 Utilis\u00e9 par Linkedin<br>pour optimiser les impressions<br>d\u2019annonces pendant<\/td><td>29 jours<\/td><\/tr><tr><td>cookieControl<\/td><td>Fonctionnel<\/td><td>Brightstaffing \u2013 information sur le<br>type de choix retenu par<br>l\u2019utilisateur (essentiel, analytics)<\/td><td>1 an<\/td><\/tr><tr><td>cookieControlPrefs<\/td><td>Fonctionnel<\/td><td>Brightstaffing \u2013 information sur le<br>choix de l\u2019utilisateur<\/td><td>1 an<\/td><\/tr><\/tbody><\/table><\/figure>\n\n\n\n<p>Vous pouvez emp\u00eacher que des cookies soient enregistr\u00e9s et vous pouvez supprimer des cookies d\u00e9j\u00e0 enregistr\u00e9s en modifiant les param\u00e8tres de votre navigateur. Vous trouverez de l\u2019aide concernant l\u2019adaptation de ces param\u00e8tres sur le site web du navigateur que vous utilisez. Tenez compte du fait que la non- acceptation de cookies lors de la visite d\u2019un site web peut entra\u00eener le dysfonctionnement de certaines (ou toutes les) fonctions du site web<\/p>\n\n\n\n<ul class=\"wp-block-list\"><li>Microsoft Edge : <a href=\"https:\/\/privacy.microsoft.com\/fr-FR\/windows-10-microsoft-edge-and-privacy\" target=\"_blank\" rel=\"noopener\">https:\/\/privacy.microsoft.com\/fr-FR\/windows-10-microsoft-edge-and-privacy<\/a><\/li><li>Chrome : <a href=\"https:\/\/support.google.com\/accounts\/answer\/61416?co=GENIE.Platform%3DDesktop&amp;hl=fr\" target=\"_blank\" rel=\"noopener\">https:\/\/support.google.com\/accounts\/answer\/61416?co=GENIE.Platform%3DDesktop&amp;hl=fr<\/a><\/li><li>Firefox : <a href=\"https:\/\/support.mozilla.org\/fr\/kb\/activer-desactiver-cookies-preferences\" target=\"_blank\" rel=\"noopener\">https:\/\/support.mozilla.org\/fr\/kb\/activer-desactiver-cookies-preferences<\/a><\/li><li>Safari : <a href=\"https:\/\/support.apple.com\/nl-be\/guide\/safari\/sfri11471\/mac\" target=\"_blank\" rel=\"noopener\">https:\/\/support.apple.com\/nl-be\/guide\/safari\/sfri11471\/mac<\/a><\/li><\/ul>\n\n\n\n<p>Si vous avez une plainte concernant le traitement de vos donn\u00e9es personnelles par nos soins, vous pouvez toujours prendre contact avec nous via l\u2019adresse e-mail <a href=\"mailto:privacy@partena.be\">privacy@partena.be<\/a>. Si vous n\u2019\u00eates toujours pas satisfait de notre r\u00e9ponse, vous \u00eates libre de d\u00e9poser une plainte aupr\u00e8s de l\u2019autorit\u00e9 comp\u00e9tente en mati\u00e8re de protection des donn\u00e9es, l\u2019Autorit\u00e9 belge de protection des donn\u00e9es, Drukpersstraat 35, 1000 Bruxelles, T\u00e9l +32 (0) 2 274 48 00, site Internet:<br><a href=\"https:\/\/www.autoriteprotectiondonnees.be\/\" target=\"_blank\" rel=\"noopener\">www.autoriteprotectiondonnees.be<\/a><\/p>\n\n\n\t<\/div>\n\n\n<div style=\"height:100px\" aria-hidden=\"true\" class=\"wp-block-spacer\"><\/div>\n","protected":false},"excerpt":{"rendered":"","protected":false},"author":1,"featured_media":0,"parent":0,"menu_order":0,"comment_status":"closed","ping_status":"closed","template":"","meta":{"_acf_changed":false,"footnotes":""},"class_list":["post-511","page","type-page","status-publish","hentry"],"acf":[],"_links":{"self":[{"href":"https:\/\/staging.brightstaffing.be\/fr\/wp-json\/wp\/v2\/pages\/511","targetHints":{"allow":["GET"]}}],"collection":[{"href":"https:\/\/staging.brightstaffing.be\/fr\/wp-json\/wp\/v2\/pages"}],"about":[{"href":"https:\/\/staging.brightstaffing.be\/fr\/wp-json\/wp\/v2\/types\/page"}],"author":[{"embeddable":true,"href":"https:\/\/staging.brightstaffing.be\/fr\/wp-json\/wp\/v2\/users\/1"}],"replies":[{"embeddable":true,"href":"https:\/\/staging.brightstaffing.be\/fr\/wp-json\/wp\/v2\/comments?post=511"}],"version-history":[{"count":2,"href":"https:\/\/staging.brightstaffing.be\/fr\/wp-json\/wp\/v2\/pages\/511\/revisions"}],"predecessor-version":[{"id":515,"href":"https:\/\/staging.brightstaffing.be\/fr\/wp-json\/wp\/v2\/pages\/511\/revisions\/515"}],"wp:attachment":[{"href":"https:\/\/staging.brightstaffing.be\/fr\/wp-json\/wp\/v2\/media?parent=511"}],"curies":[{"name":"wp","href":"https:\/\/api.w.org\/{rel}","templated":true}]}}