{"id":524,"date":"2022-08-10T18:04:51","date_gmt":"2022-08-10T16:04:51","guid":{"rendered":"http:\/\/45.152.250.15\/~brightstaffing\/?page_id=524"},"modified":"2022-08-10T18:18:36","modified_gmt":"2022-08-10T16:18:36","slug":"vie-privee","status":"publish","type":"page","link":"https:\/\/staging.brightstaffing.be\/fr\/vie-privee\/","title":{"rendered":"Vie priv\u00e9e"},"content":{"rendered":"\n<div style=\"height:100px\" aria-hidden=\"true\" class=\"wp-block-spacer\"><\/div>\n\n\n\n<div class=\"gc-container\" >\n\t\t\t\n\n<h1 class=\"has-text-align-center wp-block-heading\">Vie priv\u00e9e<\/h1>\n\n\n\n<p>Partena Professional, depuis de nombreuses ann\u00e9es, consacre toute l\u2019attention requise au respect de la protection de la vie priv\u00e9e \u00e0 l\u2019\u00e9gard des traitements de donn\u00e9es \u00e0 caract\u00e8re personnel, que ce soit en vertu de la loi du 8 d\u00e9cembre 1992 ou depuis le 25\/05\/2018 du r\u00e8glement europ\u00e9en 2016\/679 du 27 avril 2016 plus connu sous le nom de GDPR.<\/p>\n\n\n\n<h2 class=\"wp-block-heading\">Quels sont les principes que nous respectons?<\/h2>\n\n\n\n<p>Nous veillons toujours \u00e0 ce que les donn\u00e9es personnelles demand\u00e9es et\/ou communiqu\u00e9es soient ad\u00e9quates, exactes (et, si n\u00e9cessaire, mises \u00e0 jour), pertinentes et non excessives au regard des finalit\u00e9s pour lesquelles elles sont<br>r\u00e9colt\u00e9es. Nous vous garantissons en outre la transparence, le respect des dispositions l\u00e9gales, la confidentialit\u00e9, un niveau de s\u00e9curit\u00e9 appropri\u00e9 et par-dessus tout le respect de vos droits.<\/p>\n\n\n\n<h2 class=\"wp-block-heading\">A qui cette d\u00e9claration vie priv\u00e9e est-elle destin\u00e9e?<\/h2>\n\n\n\n<p>Notre d\u00e9claration vie priv\u00e9e s\u2019applique \u00e0 tous les traitements de donn\u00e9es \u00e0 caract\u00e8re personnel r\u00e9alis\u00e9s par Partena Professional et ses diff\u00e9rentes entit\u00e9s:<\/p>\n\n\n\n<ul class=\"wp-block-list\"><li>Partena Secr\u00e9tariat Social<\/li><li>Partena Guichet d\u2019Entreprise<\/li><li>Partena Caisse d\u2019Ind\u00e9pendants<\/li><li>Partena Business Solutions<\/li><\/ul>\n\n\n\n<p>Elle s\u2019applique \u00e0 tous les clients, les prospects, les visiteurs de nos portails et sites web mais \u00e9galement aux visiteurs de nos locaux.<\/p>\n\n\n\n<p>Nous aimerions \u00e9galement vous r\u00e9f\u00e9rer au site Web de l\u2019Union Secr\u00e9tariats Sociaux o\u00f9 vous pouvez trouver plus d\u2019informations sur les directives du <a href=\"http:\/\/www.uss.be\/fr\/rgpd\/rgpd-lignes-directrices-pour-le-secteur\" target=\"_blank\" rel=\"noopener\">RGPD pour les secr\u00e9tariats sociaux.<\/a><\/p>\n\n\n\n<h2 class=\"wp-block-heading\">Qui est le responsable des traitements?<\/h2>\n\n\n\n<p>Les entit\u00e9s du groupe Partena Professional sont responsables pour les traitements de donn\u00e9es qu\u2019elles effectuent. Il y a cependant deux exceptions :<\/p>\n\n\n\n<ul class=\"wp-block-list\"><li>Au niveau du Secr\u00e9tariat Social : les donn\u00e9es \u00e0 caract\u00e8re personnel trait\u00e9es dans le cadre du contrat de prestations de service conclu avec les employeurs.<\/li><li>Au niveau de Partena Business Solutions : les donn\u00e9es \u00e0 caract\u00e8re personnel trait\u00e9es dans le cadre du contrat de prestations de service conclu avec les employeurs.<\/li><\/ul>\n\n\n\n<p>Dans les deux cas, les traitements sont effectu\u00e9s en tant que sous-traitant et sont couverts par une convention de traitement qui garantit que les donn\u00e9es sont collect\u00e9es et trait\u00e9es uniquement selon les instructions du client.<\/p>\n\n\n\n<h2 class=\"wp-block-heading\">Quelles sont les donn\u00e9es \u00e0 caract\u00e8re personnel trait\u00e9es par Partena Professional?<\/h2>\n\n\n\n<p>Les donn\u00e9es \u00e0 caract\u00e8re personnel sont toutes les donn\u00e9es qui se rapportent \u00e0 une personne physique et qui permettent de l\u2019identifier ou de la rendre identifiable. Elles sont sa propri\u00e9t\u00e9.<br><br>Les donn\u00e9es trait\u00e9es sont regroup\u00e9es au sein de plusieurs cat\u00e9gories :<br><br><strong>Donn\u00e9es d\u2019identification :<\/strong> qui permettent de vous identifier comme votre nom, votre pr\u00e9nom, votre num\u00e9ro ou nom d\u2019utilisateur, &#8230;<br><br><strong>Donn\u00e9es financi\u00e8res : <\/strong>n\u00e9cessaire dans le cadre de certains services payants ou qui permettent de vous verser les montants qui vous sont dus comme le compte bancaire, les indus, les soldes ouverts, &#8230;<br><br><strong>Donn\u00e9es de contact :<\/strong> qui permettent de communiquer avec vous comme votre num\u00e9ro de t\u00e9l\u00e9phone, votre adresse, votre adresse email, &#8230;<br><br><strong>Donn\u00e9es familiales :<\/strong> n\u00e9cessaires par exemple au niveau du calcul des prestations familiales ou d\u2019une application correcte du pr\u00e9compte professionnel comme le nombre de personnes \u00e0 charge, la composition familiale, ..<br><br><strong>Donn\u00e9es de connexion :<\/strong> les informations r\u00e9colt\u00e9es lors de l\u2019utilisation des services web et des applications en vue de la s\u00e9curisation de ces outils en ligne ou de votre confort d\u2019utilisation comme le nom d\u2019utilisateur, l\u2019adresse IP, la pr\u00e9f\u00e9rence linguistique, ..<br><br><strong>Donn\u00e9es que vous fournissez via un formulaire en ligne :<\/strong> comme lorsque vous vous inscrivez \u00e0 une formation, un \u00e9v\u00e8nement ou pour recevoir une newsletter.<br><br>Toutes ces donn\u00e9es nous sont soit communiqu\u00e9es par vous directement, soit par votre employeur notamment lorsque nous agissons en tant que sous-traitant.<\/p>\n\n\n\n<h2 class=\"wp-block-heading\">Sur quelle base l\u00e9gale, vos donn\u00e9es \u00e0 caract\u00e8re personnel sont-elles<br>trait\u00e9es?<\/h2>\n\n\n\n<p>Nous nous appuyons, pour traiter vos donn\u00e9es sur les bases l\u00e9gales suivantes :<\/p>\n\n\n\n<ul class=\"wp-block-list\"><li>pour remplir une de nos obligations l\u00e9gales<\/li><li>pour remplir une de nos obligations contractuelles ou pr\u00e9-contractuelles<\/li><li>pour poursuivre un int\u00e9r\u00eat l\u00e9gitime de Partena Professional (toujours maintenu en \u00e9quilibre avec vos propres int\u00e9r\u00eats)<\/li><li>lorsque vous avez donn\u00e9 votre consentement<\/li><\/ul>\n\n\n\n<h2 class=\"wp-block-heading\">Quelles sont les finalit\u00e9s pour lesquelles nous traitons vos donn\u00e9es?<\/h2>\n\n\n\n<ul class=\"wp-block-list\"><li>R\u00e9pondre aux obligations l\u00e9gales ou contractuelles :<br>Dans le cadre de certaines prestations de service, les entit\u00e9s de Partena Professional doivent traiter des donn\u00e9es \u00e0 caract\u00e8re personnel pour r\u00e9pondre \u00e0 leurs obligations l\u00e9gales (Caisse d\u2019allocations familiales, caisse d\u2019ind\u00e9pendant, ..) ou contractuelles (Secr\u00e9tariat social, Partena Business Solutions)<\/li><li>R\u00e9pondre \u00e0 la demande pour laquelle vous nous les avez fournies : <br>Vos donn\u00e9es peuvent \u00eatre utilis\u00e9es pour :<ul><li>Vous fournir la prestation de service demand\u00e9e<\/li><li>Vous envoyer la r\u00e9ponse \u00e0 la question pos\u00e9e via un formulaire de contact<\/li><li>Vous envoyer un email vous permettant de t\u00e9l\u00e9charger une brochure, un livre blanc<\/li><\/ul><\/li><li>Promouvoir nos services :<br>Partena Professional utilise des donn\u00e9es \u00e0 caract\u00e8re personnel pour :<ul><li>Envoyer aux clients des informations \u00e0 propos d\u2019autres produits et services associ\u00e9s ou compl\u00e9mentaires propos\u00e9s par Partena Professional ou ses partenaires<\/li><li>Envoyer aux prospects des informations \u00e0 propos des produits et services de Partena Professiona<\/li><li>Envoyer des invitations \u00e0 des \u00e9v\u00e8nements<\/li><\/ul><\/li><li>Am\u00e9liorer et \u00e9valuer nos services :<\/li><li>Vos donn\u00e9es peuvent \u00eatre utilis\u00e9es pour :<ul><li>Des enqu\u00eates clients, des \u00e9tudes de march\u00e9<\/li><li>Des analyses de comportements de surf afin d\u2019optimaliser notre site web ou nos portails<\/li><\/ul><\/li><li>Personnaliser l\u2019utilisation de nos outils :<br>En fonction de votre utilisation et de vos pr\u00e9f\u00e9rences, vos donn\u00e9es peuvent \u00eatre utilis\u00e9es pour vous offrir une personnalisation de nos portails, sites web et applications<\/li><li>Garantir un niveau de s\u00e9curit\u00e9 appropri\u00e9 :<br>Partena Professional utilise vos donn\u00e9es \u00e0 caract\u00e8re personnel dans le cadre de la mise en \u0153uvre de ses proc\u00e9dures de s\u00e9curit\u00e9 notamment en ce qui concerne la d\u00e9tection d\u2019activit\u00e9 malveillante ou non autoris\u00e9e.<\/li><\/ul>\n\n\n\n<h2 class=\"wp-block-heading\">Combien de temps gardons-nous vos donn\u00e9es \u00e0 caract\u00e8re personnel?<\/h2>\n\n\n\n<p>Vos donn\u00e9es sont conserv\u00e9es aussi longtemps :<\/p>\n\n\n\n<ul class=\"wp-block-list\"><li>Que n\u00e9cessaire aux finalit\u00e9s pour lesquelles elles sont r\u00e9colt\u00e9es et trait\u00e9es.<\/li><li>Qu\u2019elles sont pertinentes pour respecter nos obligations l\u00e9gales, contractuelles et juridiques, et pour satisfaire \u00e0 nos activit\u00e9s commerciales et op\u00e9rationnelles<\/li><\/ul>\n\n\n\n<p>Ces d\u00e9lais de conservation varieront donc en fonction du type de prestations de service.<\/p>\n\n\n\n<h2 class=\"wp-block-heading\">Vos donn\u00e9es sont-elles transmises \u00e0 des tiers?<\/h2>\n\n\n\n<p>Nous pouvons \u00eatre amen\u00e9 \u00e0 transmettre vos donn\u00e9es \u00e0 caract\u00e8re personnel:<\/p>\n\n\n\n<ul class=\"wp-block-list\"><li>En cas d\u2019obligation l\u00e9gale :<br>Pour certaines prestations de service, les entit\u00e9s de Partena sont tenues de<br>transmettre des informations \u00e0 des organismes officiels (ex : la Banque-Carrefour de la S\u00e9curit\u00e9 Sociale, la Banque-Carrefour des Entreprises, ..). Ces transferts sont r\u00e9gis par des proc\u00e9dures claires et d\u00e9finies.<\/li><li>Si c\u2019est n\u00e9cessaire \u00e0 la fourniture des prestations de service concern\u00e9es :<br>Il peut arriver que tout ou partie d\u2019un traitement soit confi\u00e9 \u00e0 un sous-traitant. Celui-ci ne peut agir que moyennant les instructions qui lui sont communiqu\u00e9es par Partena et ne peut utiliser vos donn\u00e9es \u00e0 ses propres fins. Ces principes sont act\u00e9s dans la convention de traitement que le sous-traitant doit obligatoirement signer s\u2019il veut pouvoir traiter des donn\u00e9es pour le compte de Partena.<\/li><li>Au sein du groupe Partena Professional : <br>Afin de vous offrir une palette de services qui compl\u00e8tent et sont en ligne avec le(s) traitement(s) que nous effectuons d\u00e9j\u00e0 pour vous.<\/li><li>Si vous nous avez donn\u00e9 express\u00e9ment votre autorisation.<\/li><\/ul>\n\n\n\n<p>Nous ne vendons pas vos donn\u00e9es \u00e0 caract\u00e8re personnel \u00e0 des tiers.<br><br>Nous appliquons la r\u00e9glementation europ\u00e9enne en ce qui concerne le transfert international de donn\u00e9es \u00e0 caract\u00e8re personnel.<\/p>\n\n\n\n<h2 class=\"wp-block-heading\">Que fait Partena Professional pour prot\u00e9ger vos donn\u00e9es?<\/h2>\n\n\n\n<p>Partena applique au quotidien un ensemble de mesures afin d\u2019assurer la protection des donn\u00e9es \u00e0 caract\u00e8re personnel comme entre autres :<\/p>\n\n\n\n<ul class=\"wp-block-list\"><li>La sensibilisation du personnel au respect de son engagement contractuel de confidentialit\u00e9.<\/li><li>La s\u00e9curisation au niveau de l\u2019acc\u00e8s physique.<\/li><li>La s\u00e9curisation au niveau du mat\u00e9riel :<ul><li>Les serveurs sont r\u00e9guli\u00e8rement mis \u00e0 jour.<\/li><li>Des pare-feux, bas\u00e9s sur un mod\u00e8le \u00e0 plusieurs niveaux, bloquent le trafic non autoris\u00e9.<\/li><li>La gestion des acc\u00e8s : distinction entre l\u2019acc\u00e8s au r\u00e9seau de l\u2019entreprise et l\u2019acc\u00e8s aux applications. Les collaborateurs ont acc\u00e8s \u00e0 ces derni\u00e8res en fonction des besoins pour l\u2019ex\u00e9cution de leur travail et des n\u00e9cessit\u00e9s<br>requises par le service. Ceci est traduit dans des politiques internes \u00e0 respecter.<\/li><\/ul><\/li><\/ul>\n\n\n\n<p>Sur le plan interne : la modification des droits et de l\u2019acc\u00e8s n\u2019est possible que moyennant l\u2019approbation des responsables et le respect des proc\u00e9dures pr\u00e9vues en la mati\u00e8re.<br>Sur le plan externe : les clients, le cas \u00e9ch\u00e9ant, n\u2019ont acc\u00e8s qu\u2019\u00e0 leurs propres donn\u00e9es.<\/p>\n\n\n\n<ul class=\"wp-block-list\"><li>la s\u00e9curisation du transport de donn\u00e9es : tout trafic de donn\u00e9es via internet est crypt\u00e9 selon les normes actuelles disponibles sur le march\u00e9.<\/li><li>la s\u00e9curisation contre les virus et acc\u00e8s \u00e0 internet : tant les serveurs que les ordinateurs fixes et portables sont \u00e9quip\u00e9s des logiciels anti-virus n\u00e9cessaires.<\/li><li>la continuit\u00e9 du service est assur\u00e9 via des moyens de sauvegarde redondants.<\/li><\/ul>\n\n\n\n<h2 class=\"wp-block-heading\">Quels sont vos droits et que devez-vous faire pour les exercer?<\/h2>\n\n\n\n<h3 class=\"wp-block-heading\">Droit d\u2019acc\u00e8s<\/h3>\n\n\n\n<p>Vous avez le droit d\u2019acc\u00e9der aux donn\u00e9es \u00e0 caract\u00e8re personnel dont nous disposons \u00e0 votre sujet.<br><br>Pour introduire votre demande, il suffit d\u2019envoyer, en justifiant de votre identit\u00e9, un courrier adress\u00e9 \u00e0 Partena Professional \u2013 DPO Office, 45, rue des Chartreux \u00e0 1000 Bruxelles ou un email \u00e0 l\u2019adresse email <a href=\"mailto:privacy@partena.be\">privacy@partena.be<\/a><br><br>Nous vous fournirons les informations demand\u00e9es dans un d\u00e9lai d\u2019un mois \u00e0 compter de la r\u00e9ception de votre demande. Au besoin, ce d\u00e9lai peut \u00eatre prolong\u00e9 de 2 mois compte tenu de la complexit\u00e9 et du nombre de demandes. Nous vous informerons alors de cette prolongation dans un d\u00e9lai d\u2019un mois \u00e0 compter de la r\u00e9ception de la demande.<br><br>En cas de demandes r\u00e9p\u00e9titives, nous nous r\u00e9servons le droit de demander le paiement de frais raisonnables, bas\u00e9s sur les co\u00fbts administratifs.<br><br>NB : Si vous \u00eates un membre du personnel d\u2019un employeur client de Partena Secr\u00e9tariat social ou de Partena Business Solutions, vous devez pour exercer vos droits, vous adresser \u00e0 votre employeur.<\/p>\n\n\n\n<h3 class=\"wp-block-heading\">Droit de rectification<\/h3>\n\n\n\n<p>Si vous constatez que vos donn\u00e9es \u00e0 caract\u00e8re personnel :<\/p>\n\n\n\n<ul class=\"wp-block-list\"><li>sont inexactes<\/li><li>sont incompl\u00e8tes<\/li><\/ul>\n\n\n\n<p>vous avez le droit de demander \u00e0 les corriger ou les compl\u00e9ter.<\/p>\n\n\n\n<p>Pour introduire votre demande, il suffit d\u2019envoyer, en justifiant de votre identit\u00e9, un courrier adress\u00e9 \u00e0 Partena Professional \u2013 DPO Office, 45, Rue des Chartreux \u00e0 1000 Bruxelles ou un email \u00e0 l\u2019adresse email <a href=\"mailto:privacy@partena.be\">privacy@partena.be<\/a><br><br>Indiquez clairement les donn\u00e9es \u00e0 modifier ou compl\u00e9ter.<\/p>\n\n\n\n<h3 class=\"wp-block-heading\">Droit \u00e0 l\u2019effacement (\u00ab droit \u00e0 l\u2019oubli \u00bb)<\/h3>\n\n\n\n<p>Vous avez le droit de demander l\u2019effacement de vos donn\u00e9es \u00e0 caract\u00e8re personnel.<\/p>\n\n\n\n<p>Pour introduire votre demande, il suffit d\u2019envoyer, en justifiant de votre identit\u00e9, un courrier adress\u00e9 \u00e0 Partena Professional \u2013 DPO Office, 45, Rue des Chartreux \u00e0 1000 Bruxelles ou un email \u00e0 l\u2019adresse email <a href=\"mailto:privacy@partena.be\">privacy@partena.be<\/a><br><br>Indiquez clairement le motif de votre demande.<br><br>Ce droit \u00e0 l\u2019effacement des donn\u00e9es n\u2019est pas un droit absolu et ne s\u2019applique pas lorsque le traitement est n\u00e9cessaire pour respecter une obligation l\u00e9gale ou contractuelle.<\/p>\n\n\n\n<h3 class=\"wp-block-heading\">Droit \u00e0 la limitation du traitement<\/h3>\n\n\n\n<p>Vous avez le droit d\u2019obtenir la limitation du traitement de vos donn\u00e9es dans les cas suivants :<\/p>\n\n\n\n<ul class=\"wp-block-list\"><li>Vous contestez l\u2019exactitude de vos donn\u00e9es et nous avons besoin de temps <br>pour v\u00e9rifier l\u2019exactitude de vos donn\u00e9es \u00e0 caract\u00e8re personnel ;<\/li><li>Le traitement est illicite et vous ne demandez pas l\u2019effacement de vos donn\u00e9es  \u00e0 caract\u00e8re personnel mais une limitation de leur utilisation ;<\/li><\/ul>\n\n\n\n<p>Pour introduire votre demande, il suffit d\u2019envoyer, en justifiant de votre identit\u00e9, un courrier adress\u00e9 \u00e0 Partena Professional \u2013 DPO Office, 45, Rue des Chartreux \u00e0 1000 Bruxelles ou un email \u00e0 l\u2019adresse email <a href=\"mailto:privacy@partena.be\">privacy@partena.be<\/a><br><br>Indiquez clairement le motif de votre demande.<\/p>\n\n\n\n<h2 class=\"wp-block-heading\">Droit \u00e0 la portabilit\u00e9 des donn\u00e9es<\/h2>\n\n\n\n<p>Vous avez le droit de recevoir vos donn\u00e9es \u00e0 caract\u00e8re personnel trait\u00e9es par Partena dans un format structur\u00e9, couramment utilis\u00e9 et lisible par machine. <br><br>Ceci ne concerne que les donn\u00e9es dont le traitement est fond\u00e9 sur le consentement ou sur un contrat et pour autant que le traitement soit effectu\u00e9 \u00e0 l\u2019aide de proc\u00e9d\u00e9s automatis\u00e9s. <br><br>Pour introduire votre demande, il suffit d\u2019envoyer, en justifiant de votre identit\u00e9, un courrier adress\u00e9 \u00e0 Partena Professional \u2013 DPO Office, 45, Rue des Chartreux \u00e0 1000 Bruxelles ou un email \u00e0 l\u2019adresse email <a href=\"mailto:privacy@partena.be\">privacy@partena.be<\/a> Indiquez clairement le motif de votre demande. Dans tous les cas, le droit \u00e0 l\u2019effacement des donn\u00e9es reste d\u2019application.<\/p>\n\n\n\n<h3 class=\"wp-block-heading\">Droit d\u2019opposition<\/h3>\n\n\n\n<p>Vous avez le droit de vous opposer \u00e0 tout moment, pour des raisons motiv\u00e9es tenant \u00e0 votre situation particuli\u00e8re, au traitement de vos donn\u00e9es \u00e0 caract\u00e8re personnel mais uniquement si ce traitement trouve son fondement l\u00e9gal dans l\u2019int\u00e9r\u00eat l\u00e9gitime de l\u2019employeur. Il n\u2019y a pas de droit d\u2019opposition pour les donn\u00e9es trait\u00e9es en vertu d\u2019un contrat ou d\u2019obligations l\u00e9gales. <br><br>Pour introduire votre demande, il suffit d\u2019envoyer, en justifiant de votre identit\u00e9, un courrier adress\u00e9 \u00e0 Partena Professional \u2013 DPO Office, 45, Rue des Chartreux \u00e0 1000 Bruxelles ou un email \u00e0 l\u2019adresse email <a href=\"mailto:privacy@partena.be\">privacy@partena.be<\/a> <br><br>Indiquez clairement le motif de votre demande.<\/p>\n\n\n\n<h3 class=\"wp-block-heading\">Droit d\u2019introduire une r\u00e9clamation<\/h3>\n\n\n\n<p>Vous avez le droit d\u2019introduire \u00e0 tout moment une r\u00e9clamation aupr\u00e8s de l\u2019autorit\u00e9 de contr\u00f4le si vous estimez que le traitement de vos donn\u00e9es \u00e0 caract\u00e8re personnel, par Partena Professional, constitue une violation du GDPR.<br><br>L\u2019Autorit\u00e9 de surveillance est l\u2019Autorit\u00e9 de protection des donn\u00e9es, Drukpersstraat 35, 1000 Bruxelles, T\u00e9l +32 (0) 2 274 48 00, site Internet: <a href=\"https:\/\/www.autoriteprotectiondonnees.be\/\" target=\"_blank\" rel=\"noopener\">www.autoriteprotectiondonnees.be<\/a><\/p>\n\n\n\n<h2 class=\"wp-block-heading\">Partena Professional dispose-t-il d\u2019un Data Protection Officer?<\/h2>\n\n\n\n<p>Oui, il peut \u00eatre contact\u00e9 par email \u00e0 l\u2019adresse <a href=\"mailto:privacy@partena.be\">privacy@partena.be<\/a> ou par courrier \u00e0 l\u2019adresse postale Partena Professional \u2013 \u00e0 l\u2019attention du DPO, 45, Rue des Chartreux \u00e0 1000 Bruxelles<br><br>Partena Professional ne garantit pas un respect \u00e9quivalent des dispositions relatives \u00e0 la protection de la vie priv\u00e9e sur les sites web vers lesquels un lien est \u00e9tabli au d\u00e9part de ce site.<\/p>\n\n\n\n<p><br><\/p>\n\n\n\t<\/div>\n\n\n<div style=\"height:100px\" aria-hidden=\"true\" class=\"wp-block-spacer\"><\/div>\n","protected":false},"excerpt":{"rendered":"","protected":false},"author":1,"featured_media":0,"parent":0,"menu_order":0,"comment_status":"closed","ping_status":"closed","template":"","meta":{"_acf_changed":false,"footnotes":""},"class_list":["post-524","page","type-page","status-publish","hentry"],"acf":[],"_links":{"self":[{"href":"https:\/\/staging.brightstaffing.be\/fr\/wp-json\/wp\/v2\/pages\/524","targetHints":{"allow":["GET"]}}],"collection":[{"href":"https:\/\/staging.brightstaffing.be\/fr\/wp-json\/wp\/v2\/pages"}],"about":[{"href":"https:\/\/staging.brightstaffing.be\/fr\/wp-json\/wp\/v2\/types\/page"}],"author":[{"embeddable":true,"href":"https:\/\/staging.brightstaffing.be\/fr\/wp-json\/wp\/v2\/users\/1"}],"replies":[{"embeddable":true,"href":"https:\/\/staging.brightstaffing.be\/fr\/wp-json\/wp\/v2\/comments?post=524"}],"version-history":[{"count":2,"href":"https:\/\/staging.brightstaffing.be\/fr\/wp-json\/wp\/v2\/pages\/524\/revisions"}],"predecessor-version":[{"id":527,"href":"https:\/\/staging.brightstaffing.be\/fr\/wp-json\/wp\/v2\/pages\/524\/revisions\/527"}],"wp:attachment":[{"href":"https:\/\/staging.brightstaffing.be\/fr\/wp-json\/wp\/v2\/media?parent=524"}],"curies":[{"name":"wp","href":"https:\/\/api.w.org\/{rel}","templated":true}]}}